{"id":3413,"date":"2024-10-15T11:36:50","date_gmt":"2024-10-15T11:36:50","guid":{"rendered":"https:\/\/www.toscaltd.com\/uk\/?page_id=3413"},"modified":"2025-04-28T13:48:42","modified_gmt":"2025-04-28T13:48:42","slug":"supply-chain-pooling","status":"publish","type":"page","link":"https:\/\/www.toscaltd.com\/fr\/supply-chain-pooling\/","title":{"rendered":"Pooling"},"content":{"rendered":"","protected":false},"excerpt":{"rendered":"","protected":false},"author":2,"featured_media":0,"parent":0,"menu_order":0,"comment_status":"closed","ping_status":"closed","template":"templates\/flexible-sections.php","meta":{"_acf_changed":true,"footnotes":""},"class_list":["post-3413","page","type-page","status-publish","hentry"],"acf":[],"yoast_head":"<!-- This site is optimized with the Yoast SEO plugin v27.4 - https:\/\/yoast.com\/product\/yoast-seo-wordpress\/ -->\n<title>Tosca | Services de pooling de la cha\u00eene d&#039;approvisionnement<\/title>\n<meta name=\"description\" content=\"Augmentez vos r\u00e9sultats gr\u00e2ce aux services de mise en commun de la cha\u00eene d&#039;approvisionnement de Tosca. Optimisez les cha\u00eenes d&#039;approvisionnement en amont et en aval pour r\u00e9duire les d\u00e9chets et am\u00e9liorer l&#039;efficacit\u00e9.\" \/>\n<meta name=\"robots\" content=\"index, follow, max-snippet:-1, max-image-preview:large, max-video-preview:-1\" \/>\n<link rel=\"canonical\" href=\"https:\/\/www.toscaltd.com\/fr\/supply-chain-pooling\/\" \/>\n<meta property=\"og:locale\" content=\"fr_FR\" \/>\n<meta property=\"og:type\" content=\"article\" \/>\n<meta property=\"og:title\" content=\"Tosca | Services de pooling de la cha\u00eene d&#039;approvisionnement\" \/>\n<meta property=\"og:description\" content=\"Augmentez vos r\u00e9sultats gr\u00e2ce aux services de mise en commun de la cha\u00eene d&#039;approvisionnement de Tosca. Optimisez les cha\u00eenes d&#039;approvisionnement en amont et en aval pour r\u00e9duire les d\u00e9chets et am\u00e9liorer l&#039;efficacit\u00e9.\" \/>\n<meta property=\"og:url\" content=\"https:\/\/www.toscaltd.com\/fr\/supply-chain-pooling\/\" \/>\n<meta property=\"og:site_name\" content=\"Tosca FR\" \/>\n<meta property=\"article:modified_time\" content=\"2025-04-28T13:48:42+00:00\" \/>\n<meta name=\"twitter:card\" content=\"summary_large_image\" \/>\n<script type=\"application\/ld+json\" class=\"yoast-schema-graph\">{\"@context\":\"https:\\\/\\\/schema.org\",\"@graph\":[{\"@type\":\"WebPage\",\"@id\":\"https:\\\/\\\/www.toscaltd.com\\\/fr\\\/supply-chain-pooling\\\/\",\"url\":\"https:\\\/\\\/www.toscaltd.com\\\/fr\\\/supply-chain-pooling\\\/\",\"name\":\"Tosca | Services de pooling de la cha\u00eene d'approvisionnement\",\"isPartOf\":{\"@id\":\"https:\\\/\\\/www.toscaltd.com\\\/fr\\\/#website\"},\"datePublished\":\"2024-10-15T11:36:50+00:00\",\"dateModified\":\"2025-04-28T13:48:42+00:00\",\"description\":\"Augmentez vos r\u00e9sultats gr\u00e2ce aux services de mise en commun de la cha\u00eene d'approvisionnement de Tosca. Optimisez les cha\u00eenes d'approvisionnement en amont et en aval pour r\u00e9duire les d\u00e9chets et am\u00e9liorer l'efficacit\u00e9.\",\"breadcrumb\":{\"@id\":\"https:\\\/\\\/www.toscaltd.com\\\/fr\\\/supply-chain-pooling\\\/#breadcrumb\"},\"inLanguage\":\"fr-FR\",\"potentialAction\":[{\"@type\":\"ReadAction\",\"target\":[\"https:\\\/\\\/www.toscaltd.com\\\/fr\\\/supply-chain-pooling\\\/\"]}]},{\"@type\":\"BreadcrumbList\",\"@id\":\"https:\\\/\\\/www.toscaltd.com\\\/fr\\\/supply-chain-pooling\\\/#breadcrumb\",\"itemListElement\":[{\"@type\":\"ListItem\",\"position\":1,\"name\":\"Home\",\"item\":\"https:\\\/\\\/www.toscaltd.com\\\/fr\\\/\"},{\"@type\":\"ListItem\",\"position\":2,\"name\":\"Pooling\"}]},{\"@type\":\"WebSite\",\"@id\":\"https:\\\/\\\/www.toscaltd.com\\\/fr\\\/#website\",\"url\":\"https:\\\/\\\/www.toscaltd.com\\\/fr\\\/\",\"name\":\"Tosca FR\",\"description\":\"RPCs, Reusable Plastic Containers, Perishable Shipping Solutions | Reduce Shrink. Drive Supply Chain Efficiency.\",\"potentialAction\":[{\"@type\":\"SearchAction\",\"target\":{\"@type\":\"EntryPoint\",\"urlTemplate\":\"https:\\\/\\\/www.toscaltd.com\\\/fr\\\/?s={search_term_string}\"},\"query-input\":{\"@type\":\"PropertyValueSpecification\",\"valueRequired\":true,\"valueName\":\"search_term_string\"}}],\"inLanguage\":\"fr-FR\"}]}<\/script>\n<!-- \/ Yoast SEO plugin. -->","yoast_head_json":{"title":"Tosca | Services de pooling de la cha\u00eene d'approvisionnement","description":"Augmentez vos r\u00e9sultats gr\u00e2ce aux services de mise en commun de la cha\u00eene d'approvisionnement de Tosca. Optimisez les cha\u00eenes d'approvisionnement en amont et en aval pour r\u00e9duire les d\u00e9chets et am\u00e9liorer l'efficacit\u00e9.","robots":{"index":"index","follow":"follow","max-snippet":"max-snippet:-1","max-image-preview":"max-image-preview:large","max-video-preview":"max-video-preview:-1"},"canonical":"https:\/\/www.toscaltd.com\/fr\/supply-chain-pooling\/","og_locale":"fr_FR","og_type":"article","og_title":"Tosca | Services de pooling de la cha\u00eene d'approvisionnement","og_description":"Augmentez vos r\u00e9sultats gr\u00e2ce aux services de mise en commun de la cha\u00eene d'approvisionnement de Tosca. Optimisez les cha\u00eenes d'approvisionnement en amont et en aval pour r\u00e9duire les d\u00e9chets et am\u00e9liorer l'efficacit\u00e9.","og_url":"https:\/\/www.toscaltd.com\/fr\/supply-chain-pooling\/","og_site_name":"Tosca FR","article_modified_time":"2025-04-28T13:48:42+00:00","twitter_card":"summary_large_image","schema":{"@context":"https:\/\/schema.org","@graph":[{"@type":"WebPage","@id":"https:\/\/www.toscaltd.com\/fr\/supply-chain-pooling\/","url":"https:\/\/www.toscaltd.com\/fr\/supply-chain-pooling\/","name":"Tosca | Services de pooling de la cha\u00eene d'approvisionnement","isPartOf":{"@id":"https:\/\/www.toscaltd.com\/fr\/#website"},"datePublished":"2024-10-15T11:36:50+00:00","dateModified":"2025-04-28T13:48:42+00:00","description":"Augmentez vos r\u00e9sultats gr\u00e2ce aux services de mise en commun de la cha\u00eene d'approvisionnement de Tosca. Optimisez les cha\u00eenes d'approvisionnement en amont et en aval pour r\u00e9duire les d\u00e9chets et am\u00e9liorer l'efficacit\u00e9.","breadcrumb":{"@id":"https:\/\/www.toscaltd.com\/fr\/supply-chain-pooling\/#breadcrumb"},"inLanguage":"fr-FR","potentialAction":[{"@type":"ReadAction","target":["https:\/\/www.toscaltd.com\/fr\/supply-chain-pooling\/"]}]},{"@type":"BreadcrumbList","@id":"https:\/\/www.toscaltd.com\/fr\/supply-chain-pooling\/#breadcrumb","itemListElement":[{"@type":"ListItem","position":1,"name":"Home","item":"https:\/\/www.toscaltd.com\/fr\/"},{"@type":"ListItem","position":2,"name":"Pooling"}]},{"@type":"WebSite","@id":"https:\/\/www.toscaltd.com\/fr\/#website","url":"https:\/\/www.toscaltd.com\/fr\/","name":"Tosca FR","description":"RPCs, Reusable Plastic Containers, Perishable Shipping Solutions | Reduce Shrink. Drive Supply Chain Efficiency.","potentialAction":[{"@type":"SearchAction","target":{"@type":"EntryPoint","urlTemplate":"https:\/\/www.toscaltd.com\/fr\/?s={search_term_string}"},"query-input":{"@type":"PropertyValueSpecification","valueRequired":true,"valueName":"search_term_string"}}],"inLanguage":"fr-FR"}]}},"_links":{"self":[{"href":"https:\/\/www.toscaltd.com\/fr\/wp-json\/wp\/v2\/pages\/3413","targetHints":{"allow":["GET"]}}],"collection":[{"href":"https:\/\/www.toscaltd.com\/fr\/wp-json\/wp\/v2\/pages"}],"about":[{"href":"https:\/\/www.toscaltd.com\/fr\/wp-json\/wp\/v2\/types\/page"}],"author":[{"embeddable":true,"href":"https:\/\/www.toscaltd.com\/fr\/wp-json\/wp\/v2\/users\/2"}],"replies":[{"embeddable":true,"href":"https:\/\/www.toscaltd.com\/fr\/wp-json\/wp\/v2\/comments?post=3413"}],"version-history":[{"count":0,"href":"https:\/\/www.toscaltd.com\/fr\/wp-json\/wp\/v2\/pages\/3413\/revisions"}],"wp:attachment":[{"href":"https:\/\/www.toscaltd.com\/fr\/wp-json\/wp\/v2\/media?parent=3413"}],"curies":[{"name":"wp","href":"https:\/\/api.w.org\/{rel}","templated":true}]}}