{"id":3712,"date":"2024-10-23T09:34:12","date_gmt":"2024-10-23T09:34:12","guid":{"rendered":"https:\/\/www.toscaltd.com\/uk\/?page_id=3712"},"modified":"2025-04-24T13:11:59","modified_gmt":"2025-04-24T13:11:59","slug":"tosca-careers","status":"publish","type":"page","link":"https:\/\/www.toscaltd.com\/fr\/tosca-careers\/","title":{"rendered":"Careers"},"content":{"rendered":"","protected":false},"excerpt":{"rendered":"","protected":false},"author":20,"featured_media":0,"parent":0,"menu_order":0,"comment_status":"closed","ping_status":"closed","template":"templates\/flexible-sections.php","meta":{"_acf_changed":true,"footnotes":""},"class_list":["post-3712","page","type-page","status-publish","hentry"],"acf":[],"yoast_head":"<!-- This site is optimized with the Yoast SEO plugin v27.5 - https:\/\/yoast.com\/product\/yoast-seo-wordpress\/ -->\n<title>Carri\u00e8res dans la durabilit\u00e9 | Tosca<\/title>\n<meta name=\"description\" content=\"Rejoignez notre \u00e9quipe pour construire un avenir durable ! D\u00e9couvrez des opportunit\u00e9s de carri\u00e8re enrichissantes ax\u00e9es sur l\u2019impact environnemental et l\u2019innovation.\" \/>\n<meta name=\"robots\" content=\"index, follow, max-snippet:-1, max-image-preview:large, max-video-preview:-1\" \/>\n<link rel=\"canonical\" href=\"https:\/\/www.toscaltd.com\/fr\/tosca-careers\/\" \/>\n<meta property=\"og:locale\" content=\"fr_FR\" \/>\n<meta property=\"og:type\" content=\"article\" \/>\n<meta property=\"og:title\" content=\"Carri\u00e8res dans la durabilit\u00e9 | Tosca\" \/>\n<meta property=\"og:description\" content=\"Rejoignez notre \u00e9quipe pour construire un avenir durable ! D\u00e9couvrez des opportunit\u00e9s de carri\u00e8re enrichissantes ax\u00e9es sur l\u2019impact environnemental et l\u2019innovation.\" \/>\n<meta property=\"og:url\" content=\"https:\/\/www.toscaltd.com\/fr\/tosca-careers\/\" \/>\n<meta property=\"og:site_name\" content=\"Tosca FR\" \/>\n<meta property=\"article:modified_time\" content=\"2025-04-24T13:11:59+00:00\" \/>\n<meta name=\"twitter:card\" content=\"summary_large_image\" \/>\n<script type=\"application\/ld+json\" class=\"yoast-schema-graph\">{\"@context\":\"https:\\\/\\\/schema.org\",\"@graph\":[{\"@type\":\"WebPage\",\"@id\":\"https:\\\/\\\/www.toscaltd.com\\\/fr\\\/tosca-careers\\\/\",\"url\":\"https:\\\/\\\/www.toscaltd.com\\\/fr\\\/tosca-careers\\\/\",\"name\":\"Carri\u00e8res dans la durabilit\u00e9 | Tosca\",\"isPartOf\":{\"@id\":\"https:\\\/\\\/www.toscaltd.com\\\/fr\\\/#website\"},\"datePublished\":\"2024-10-23T09:34:12+00:00\",\"dateModified\":\"2025-04-24T13:11:59+00:00\",\"description\":\"Rejoignez notre \u00e9quipe pour construire un avenir durable ! D\u00e9couvrez des opportunit\u00e9s de carri\u00e8re enrichissantes ax\u00e9es sur l\u2019impact environnemental et l\u2019innovation.\",\"breadcrumb\":{\"@id\":\"https:\\\/\\\/www.toscaltd.com\\\/fr\\\/tosca-careers\\\/#breadcrumb\"},\"inLanguage\":\"fr-FR\",\"potentialAction\":[{\"@type\":\"ReadAction\",\"target\":[\"https:\\\/\\\/www.toscaltd.com\\\/fr\\\/tosca-careers\\\/\"]}]},{\"@type\":\"BreadcrumbList\",\"@id\":\"https:\\\/\\\/www.toscaltd.com\\\/fr\\\/tosca-careers\\\/#breadcrumb\",\"itemListElement\":[{\"@type\":\"ListItem\",\"position\":1,\"name\":\"Home\",\"item\":\"https:\\\/\\\/www.toscaltd.com\\\/fr\\\/\"},{\"@type\":\"ListItem\",\"position\":2,\"name\":\"Careers\"}]},{\"@type\":\"WebSite\",\"@id\":\"https:\\\/\\\/www.toscaltd.com\\\/fr\\\/#website\",\"url\":\"https:\\\/\\\/www.toscaltd.com\\\/fr\\\/\",\"name\":\"Tosca FR\",\"description\":\"RPCs, Reusable Plastic Containers, Perishable Shipping Solutions | Reduce Shrink. Drive Supply Chain Efficiency.\",\"potentialAction\":[{\"@type\":\"SearchAction\",\"target\":{\"@type\":\"EntryPoint\",\"urlTemplate\":\"https:\\\/\\\/www.toscaltd.com\\\/fr\\\/?s={search_term_string}\"},\"query-input\":{\"@type\":\"PropertyValueSpecification\",\"valueRequired\":true,\"valueName\":\"search_term_string\"}}],\"inLanguage\":\"fr-FR\"}]}<\/script>\n<!-- \/ Yoast SEO plugin. -->","yoast_head_json":{"title":"Carri\u00e8res dans la durabilit\u00e9 | Tosca","description":"Rejoignez notre \u00e9quipe pour construire un avenir durable ! D\u00e9couvrez des opportunit\u00e9s de carri\u00e8re enrichissantes ax\u00e9es sur l\u2019impact environnemental et l\u2019innovation.","robots":{"index":"index","follow":"follow","max-snippet":"max-snippet:-1","max-image-preview":"max-image-preview:large","max-video-preview":"max-video-preview:-1"},"canonical":"https:\/\/www.toscaltd.com\/fr\/tosca-careers\/","og_locale":"fr_FR","og_type":"article","og_title":"Carri\u00e8res dans la durabilit\u00e9 | Tosca","og_description":"Rejoignez notre \u00e9quipe pour construire un avenir durable ! D\u00e9couvrez des opportunit\u00e9s de carri\u00e8re enrichissantes ax\u00e9es sur l\u2019impact environnemental et l\u2019innovation.","og_url":"https:\/\/www.toscaltd.com\/fr\/tosca-careers\/","og_site_name":"Tosca FR","article_modified_time":"2025-04-24T13:11:59+00:00","twitter_card":"summary_large_image","schema":{"@context":"https:\/\/schema.org","@graph":[{"@type":"WebPage","@id":"https:\/\/www.toscaltd.com\/fr\/tosca-careers\/","url":"https:\/\/www.toscaltd.com\/fr\/tosca-careers\/","name":"Carri\u00e8res dans la durabilit\u00e9 | Tosca","isPartOf":{"@id":"https:\/\/www.toscaltd.com\/fr\/#website"},"datePublished":"2024-10-23T09:34:12+00:00","dateModified":"2025-04-24T13:11:59+00:00","description":"Rejoignez notre \u00e9quipe pour construire un avenir durable ! D\u00e9couvrez des opportunit\u00e9s de carri\u00e8re enrichissantes ax\u00e9es sur l\u2019impact environnemental et l\u2019innovation.","breadcrumb":{"@id":"https:\/\/www.toscaltd.com\/fr\/tosca-careers\/#breadcrumb"},"inLanguage":"fr-FR","potentialAction":[{"@type":"ReadAction","target":["https:\/\/www.toscaltd.com\/fr\/tosca-careers\/"]}]},{"@type":"BreadcrumbList","@id":"https:\/\/www.toscaltd.com\/fr\/tosca-careers\/#breadcrumb","itemListElement":[{"@type":"ListItem","position":1,"name":"Home","item":"https:\/\/www.toscaltd.com\/fr\/"},{"@type":"ListItem","position":2,"name":"Careers"}]},{"@type":"WebSite","@id":"https:\/\/www.toscaltd.com\/fr\/#website","url":"https:\/\/www.toscaltd.com\/fr\/","name":"Tosca FR","description":"RPCs, Reusable Plastic Containers, Perishable Shipping Solutions | Reduce Shrink. Drive Supply Chain Efficiency.","potentialAction":[{"@type":"SearchAction","target":{"@type":"EntryPoint","urlTemplate":"https:\/\/www.toscaltd.com\/fr\/?s={search_term_string}"},"query-input":{"@type":"PropertyValueSpecification","valueRequired":true,"valueName":"search_term_string"}}],"inLanguage":"fr-FR"}]}},"_links":{"self":[{"href":"https:\/\/www.toscaltd.com\/fr\/wp-json\/wp\/v2\/pages\/3712","targetHints":{"allow":["GET"]}}],"collection":[{"href":"https:\/\/www.toscaltd.com\/fr\/wp-json\/wp\/v2\/pages"}],"about":[{"href":"https:\/\/www.toscaltd.com\/fr\/wp-json\/wp\/v2\/types\/page"}],"author":[{"embeddable":true,"href":"https:\/\/www.toscaltd.com\/fr\/wp-json\/wp\/v2\/users\/20"}],"replies":[{"embeddable":true,"href":"https:\/\/www.toscaltd.com\/fr\/wp-json\/wp\/v2\/comments?post=3712"}],"version-history":[{"count":0,"href":"https:\/\/www.toscaltd.com\/fr\/wp-json\/wp\/v2\/pages\/3712\/revisions"}],"wp:attachment":[{"href":"https:\/\/www.toscaltd.com\/fr\/wp-json\/wp\/v2\/media?parent=3712"}],"curies":[{"name":"wp","href":"https:\/\/api.w.org\/{rel}","templated":true}]}}