{"id":3713,"date":"2024-10-22T22:16:09","date_gmt":"2024-10-22T22:16:09","guid":{"rendered":"https:\/\/www.toscaltd.com\/uk\/?page_id=3713"},"modified":"2025-04-24T13:58:01","modified_gmt":"2025-04-24T13:58:01","slug":"eu-locations","status":"publish","type":"page","link":"https:\/\/www.toscaltd.com\/fr\/eu-locations\/","title":{"rendered":"EU Locations"},"content":{"rendered":"","protected":false},"excerpt":{"rendered":"","protected":false},"author":20,"featured_media":0,"parent":0,"menu_order":0,"comment_status":"closed","ping_status":"closed","template":"templates\/locations.php","meta":{"_acf_changed":true,"footnotes":""},"class_list":["post-3713","page","type-page","status-publish","hentry"],"acf":[],"yoast_head":"<!-- This site is optimized with the Yoast SEO plugin v27.4 - https:\/\/yoast.com\/product\/yoast-seo-wordpress\/ -->\n<title>Implantations Tosca Supply Chain Solutions | Tosca<\/title>\n<meta name=\"description\" content=\"D\u00e9couvrez les sites Tosca dans le monde entier \u2013 avec 30 sites de lavage et neuf bureaux mondiaux, notre couverture in\u00e9gal\u00e9e pour les emballages r\u00e9utilisables renforce l\u2019efficacit\u00e9 de votre cha\u00eene d\u2019approvisionnement.\" \/>\n<meta name=\"robots\" content=\"index, follow, max-snippet:-1, max-image-preview:large, max-video-preview:-1\" \/>\n<link rel=\"canonical\" href=\"https:\/\/www.toscaltd.com\/fr\/eu-locations\/\" \/>\n<meta property=\"og:locale\" content=\"fr_FR\" \/>\n<meta property=\"og:type\" content=\"article\" \/>\n<meta property=\"og:title\" content=\"Implantations Tosca Supply Chain Solutions | Tosca\" \/>\n<meta property=\"og:description\" content=\"D\u00e9couvrez les sites Tosca dans le monde entier \u2013 avec 30 sites de lavage et neuf bureaux mondiaux, notre couverture in\u00e9gal\u00e9e pour les emballages r\u00e9utilisables renforce l\u2019efficacit\u00e9 de votre cha\u00eene d\u2019approvisionnement.\" \/>\n<meta property=\"og:url\" content=\"https:\/\/www.toscaltd.com\/fr\/eu-locations\/\" \/>\n<meta property=\"og:site_name\" content=\"Tosca FR\" \/>\n<meta property=\"article:modified_time\" content=\"2025-04-24T13:58:01+00:00\" \/>\n<meta name=\"twitter:card\" content=\"summary_large_image\" \/>\n<script type=\"application\/ld+json\" class=\"yoast-schema-graph\">{\"@context\":\"https:\\\/\\\/schema.org\",\"@graph\":[{\"@type\":\"WebPage\",\"@id\":\"https:\\\/\\\/www.toscaltd.com\\\/fr\\\/eu-locations\\\/\",\"url\":\"https:\\\/\\\/www.toscaltd.com\\\/fr\\\/eu-locations\\\/\",\"name\":\"Implantations Tosca Supply Chain Solutions | Tosca\",\"isPartOf\":{\"@id\":\"https:\\\/\\\/www.toscaltd.com\\\/fr\\\/#website\"},\"datePublished\":\"2024-10-22T22:16:09+00:00\",\"dateModified\":\"2025-04-24T13:58:01+00:00\",\"description\":\"D\u00e9couvrez les sites Tosca dans le monde entier \u2013 avec 30 sites de lavage et neuf bureaux mondiaux, notre couverture in\u00e9gal\u00e9e pour les emballages r\u00e9utilisables renforce l\u2019efficacit\u00e9 de votre cha\u00eene d\u2019approvisionnement.\",\"breadcrumb\":{\"@id\":\"https:\\\/\\\/www.toscaltd.com\\\/fr\\\/eu-locations\\\/#breadcrumb\"},\"inLanguage\":\"fr-FR\",\"potentialAction\":[{\"@type\":\"ReadAction\",\"target\":[\"https:\\\/\\\/www.toscaltd.com\\\/fr\\\/eu-locations\\\/\"]}]},{\"@type\":\"BreadcrumbList\",\"@id\":\"https:\\\/\\\/www.toscaltd.com\\\/fr\\\/eu-locations\\\/#breadcrumb\",\"itemListElement\":[{\"@type\":\"ListItem\",\"position\":1,\"name\":\"Home\",\"item\":\"https:\\\/\\\/www.toscaltd.com\\\/fr\\\/\"},{\"@type\":\"ListItem\",\"position\":2,\"name\":\"EU Locations\"}]},{\"@type\":\"WebSite\",\"@id\":\"https:\\\/\\\/www.toscaltd.com\\\/fr\\\/#website\",\"url\":\"https:\\\/\\\/www.toscaltd.com\\\/fr\\\/\",\"name\":\"Tosca FR\",\"description\":\"RPCs, Reusable Plastic Containers, Perishable Shipping Solutions | Reduce Shrink. Drive Supply Chain Efficiency.\",\"potentialAction\":[{\"@type\":\"SearchAction\",\"target\":{\"@type\":\"EntryPoint\",\"urlTemplate\":\"https:\\\/\\\/www.toscaltd.com\\\/fr\\\/?s={search_term_string}\"},\"query-input\":{\"@type\":\"PropertyValueSpecification\",\"valueRequired\":true,\"valueName\":\"search_term_string\"}}],\"inLanguage\":\"fr-FR\"}]}<\/script>\n<!-- \/ Yoast SEO plugin. -->","yoast_head_json":{"title":"Implantations Tosca Supply Chain Solutions | Tosca","description":"D\u00e9couvrez les sites Tosca dans le monde entier \u2013 avec 30 sites de lavage et neuf bureaux mondiaux, notre couverture in\u00e9gal\u00e9e pour les emballages r\u00e9utilisables renforce l\u2019efficacit\u00e9 de votre cha\u00eene d\u2019approvisionnement.","robots":{"index":"index","follow":"follow","max-snippet":"max-snippet:-1","max-image-preview":"max-image-preview:large","max-video-preview":"max-video-preview:-1"},"canonical":"https:\/\/www.toscaltd.com\/fr\/eu-locations\/","og_locale":"fr_FR","og_type":"article","og_title":"Implantations Tosca Supply Chain Solutions | Tosca","og_description":"D\u00e9couvrez les sites Tosca dans le monde entier \u2013 avec 30 sites de lavage et neuf bureaux mondiaux, notre couverture in\u00e9gal\u00e9e pour les emballages r\u00e9utilisables renforce l\u2019efficacit\u00e9 de votre cha\u00eene d\u2019approvisionnement.","og_url":"https:\/\/www.toscaltd.com\/fr\/eu-locations\/","og_site_name":"Tosca FR","article_modified_time":"2025-04-24T13:58:01+00:00","twitter_card":"summary_large_image","schema":{"@context":"https:\/\/schema.org","@graph":[{"@type":"WebPage","@id":"https:\/\/www.toscaltd.com\/fr\/eu-locations\/","url":"https:\/\/www.toscaltd.com\/fr\/eu-locations\/","name":"Implantations Tosca Supply Chain Solutions | Tosca","isPartOf":{"@id":"https:\/\/www.toscaltd.com\/fr\/#website"},"datePublished":"2024-10-22T22:16:09+00:00","dateModified":"2025-04-24T13:58:01+00:00","description":"D\u00e9couvrez les sites Tosca dans le monde entier \u2013 avec 30 sites de lavage et neuf bureaux mondiaux, notre couverture in\u00e9gal\u00e9e pour les emballages r\u00e9utilisables renforce l\u2019efficacit\u00e9 de votre cha\u00eene d\u2019approvisionnement.","breadcrumb":{"@id":"https:\/\/www.toscaltd.com\/fr\/eu-locations\/#breadcrumb"},"inLanguage":"fr-FR","potentialAction":[{"@type":"ReadAction","target":["https:\/\/www.toscaltd.com\/fr\/eu-locations\/"]}]},{"@type":"BreadcrumbList","@id":"https:\/\/www.toscaltd.com\/fr\/eu-locations\/#breadcrumb","itemListElement":[{"@type":"ListItem","position":1,"name":"Home","item":"https:\/\/www.toscaltd.com\/fr\/"},{"@type":"ListItem","position":2,"name":"EU Locations"}]},{"@type":"WebSite","@id":"https:\/\/www.toscaltd.com\/fr\/#website","url":"https:\/\/www.toscaltd.com\/fr\/","name":"Tosca FR","description":"RPCs, Reusable Plastic Containers, Perishable Shipping Solutions | Reduce Shrink. Drive Supply Chain Efficiency.","potentialAction":[{"@type":"SearchAction","target":{"@type":"EntryPoint","urlTemplate":"https:\/\/www.toscaltd.com\/fr\/?s={search_term_string}"},"query-input":{"@type":"PropertyValueSpecification","valueRequired":true,"valueName":"search_term_string"}}],"inLanguage":"fr-FR"}]}},"_links":{"self":[{"href":"https:\/\/www.toscaltd.com\/fr\/wp-json\/wp\/v2\/pages\/3713","targetHints":{"allow":["GET"]}}],"collection":[{"href":"https:\/\/www.toscaltd.com\/fr\/wp-json\/wp\/v2\/pages"}],"about":[{"href":"https:\/\/www.toscaltd.com\/fr\/wp-json\/wp\/v2\/types\/page"}],"author":[{"embeddable":true,"href":"https:\/\/www.toscaltd.com\/fr\/wp-json\/wp\/v2\/users\/20"}],"replies":[{"embeddable":true,"href":"https:\/\/www.toscaltd.com\/fr\/wp-json\/wp\/v2\/comments?post=3713"}],"version-history":[{"count":0,"href":"https:\/\/www.toscaltd.com\/fr\/wp-json\/wp\/v2\/pages\/3713\/revisions"}],"wp:attachment":[{"href":"https:\/\/www.toscaltd.com\/fr\/wp-json\/wp\/v2\/media?parent=3713"}],"curies":[{"name":"wp","href":"https:\/\/api.w.org\/{rel}","templated":true}]}}