{"id":3717,"date":"2024-10-23T00:09:10","date_gmt":"2024-10-23T00:09:10","guid":{"rendered":"https:\/\/www.toscaltd.com\/uk\/?page_id=3717"},"modified":"2025-04-28T13:30:02","modified_gmt":"2025-04-28T13:30:02","slug":"food-safety-and-quality-assurance","status":"publish","type":"page","link":"https:\/\/www.toscaltd.com\/fr\/food-safety-and-quality-assurance\/","title":{"rendered":"Wash and food Safety"},"content":{"rendered":"","protected":false},"excerpt":{"rendered":"","protected":false},"author":20,"featured_media":0,"parent":0,"menu_order":0,"comment_status":"closed","ping_status":"closed","template":"templates\/flexible-sections.php","meta":{"_acf_changed":true,"footnotes":""},"class_list":["post-3717","page","type-page","status-publish","hentry"],"acf":[],"yoast_head":"<!-- This site is optimized with the Yoast SEO plugin v27.5 - https:\/\/yoast.com\/product\/yoast-seo-wordpress\/ -->\n<title>S\u00e9curit\u00e9 alimentaire et qualit\u00e9 | Tosca<\/title>\n<meta name=\"description\" content=\"Les solutions de nettoyage de Tosca assurent une propret\u00e9 irr\u00e9prochable, garantissent la s\u00e9curit\u00e9 et la qualit\u00e9 des aliments et maintiennent les normes d&#039;hygi\u00e8ne les plus strictes tout au long de votre cha\u00eene d&#039;approvisionnement.\" \/>\n<meta name=\"robots\" content=\"index, follow, max-snippet:-1, max-image-preview:large, max-video-preview:-1\" \/>\n<link rel=\"canonical\" href=\"https:\/\/www.toscaltd.com\/fr\/food-safety-and-quality-assurance\/\" \/>\n<meta property=\"og:locale\" content=\"fr_FR\" \/>\n<meta property=\"og:type\" content=\"article\" \/>\n<meta property=\"og:title\" content=\"S\u00e9curit\u00e9 alimentaire et qualit\u00e9 | Tosca\" \/>\n<meta property=\"og:description\" content=\"Les solutions de nettoyage de Tosca assurent une propret\u00e9 irr\u00e9prochable, garantissent la s\u00e9curit\u00e9 et la qualit\u00e9 des aliments et maintiennent les normes d&#039;hygi\u00e8ne les plus strictes tout au long de votre cha\u00eene d&#039;approvisionnement.\" \/>\n<meta property=\"og:url\" content=\"https:\/\/www.toscaltd.com\/fr\/food-safety-and-quality-assurance\/\" \/>\n<meta property=\"og:site_name\" content=\"Tosca FR\" \/>\n<meta property=\"article:modified_time\" content=\"2025-04-28T13:30:02+00:00\" \/>\n<meta name=\"twitter:card\" content=\"summary_large_image\" \/>\n<script type=\"application\/ld+json\" class=\"yoast-schema-graph\">{\"@context\":\"https:\\\/\\\/schema.org\",\"@graph\":[{\"@type\":\"WebPage\",\"@id\":\"https:\\\/\\\/www.toscaltd.com\\\/fr\\\/food-safety-and-quality-assurance\\\/\",\"url\":\"https:\\\/\\\/www.toscaltd.com\\\/fr\\\/food-safety-and-quality-assurance\\\/\",\"name\":\"S\u00e9curit\u00e9 alimentaire et qualit\u00e9 | Tosca\",\"isPartOf\":{\"@id\":\"https:\\\/\\\/www.toscaltd.com\\\/fr\\\/#website\"},\"datePublished\":\"2024-10-23T00:09:10+00:00\",\"dateModified\":\"2025-04-28T13:30:02+00:00\",\"description\":\"Les solutions de nettoyage de Tosca assurent une propret\u00e9 irr\u00e9prochable, garantissent la s\u00e9curit\u00e9 et la qualit\u00e9 des aliments et maintiennent les normes d'hygi\u00e8ne les plus strictes tout au long de votre cha\u00eene d'approvisionnement.\",\"breadcrumb\":{\"@id\":\"https:\\\/\\\/www.toscaltd.com\\\/fr\\\/food-safety-and-quality-assurance\\\/#breadcrumb\"},\"inLanguage\":\"fr-FR\",\"potentialAction\":[{\"@type\":\"ReadAction\",\"target\":[\"https:\\\/\\\/www.toscaltd.com\\\/fr\\\/food-safety-and-quality-assurance\\\/\"]}]},{\"@type\":\"BreadcrumbList\",\"@id\":\"https:\\\/\\\/www.toscaltd.com\\\/fr\\\/food-safety-and-quality-assurance\\\/#breadcrumb\",\"itemListElement\":[{\"@type\":\"ListItem\",\"position\":1,\"name\":\"Home\",\"item\":\"https:\\\/\\\/www.toscaltd.com\\\/fr\\\/\"},{\"@type\":\"ListItem\",\"position\":2,\"name\":\"Wash and food Safety\"}]},{\"@type\":\"WebSite\",\"@id\":\"https:\\\/\\\/www.toscaltd.com\\\/fr\\\/#website\",\"url\":\"https:\\\/\\\/www.toscaltd.com\\\/fr\\\/\",\"name\":\"Tosca FR\",\"description\":\"RPCs, Reusable Plastic Containers, Perishable Shipping Solutions | Reduce Shrink. Drive Supply Chain Efficiency.\",\"potentialAction\":[{\"@type\":\"SearchAction\",\"target\":{\"@type\":\"EntryPoint\",\"urlTemplate\":\"https:\\\/\\\/www.toscaltd.com\\\/fr\\\/?s={search_term_string}\"},\"query-input\":{\"@type\":\"PropertyValueSpecification\",\"valueRequired\":true,\"valueName\":\"search_term_string\"}}],\"inLanguage\":\"fr-FR\"}]}<\/script>\n<!-- \/ Yoast SEO plugin. -->","yoast_head_json":{"title":"S\u00e9curit\u00e9 alimentaire et qualit\u00e9 | Tosca","description":"Les solutions de nettoyage de Tosca assurent une propret\u00e9 irr\u00e9prochable, garantissent la s\u00e9curit\u00e9 et la qualit\u00e9 des aliments et maintiennent les normes d'hygi\u00e8ne les plus strictes tout au long de votre cha\u00eene d'approvisionnement.","robots":{"index":"index","follow":"follow","max-snippet":"max-snippet:-1","max-image-preview":"max-image-preview:large","max-video-preview":"max-video-preview:-1"},"canonical":"https:\/\/www.toscaltd.com\/fr\/food-safety-and-quality-assurance\/","og_locale":"fr_FR","og_type":"article","og_title":"S\u00e9curit\u00e9 alimentaire et qualit\u00e9 | Tosca","og_description":"Les solutions de nettoyage de Tosca assurent une propret\u00e9 irr\u00e9prochable, garantissent la s\u00e9curit\u00e9 et la qualit\u00e9 des aliments et maintiennent les normes d'hygi\u00e8ne les plus strictes tout au long de votre cha\u00eene d'approvisionnement.","og_url":"https:\/\/www.toscaltd.com\/fr\/food-safety-and-quality-assurance\/","og_site_name":"Tosca FR","article_modified_time":"2025-04-28T13:30:02+00:00","twitter_card":"summary_large_image","schema":{"@context":"https:\/\/schema.org","@graph":[{"@type":"WebPage","@id":"https:\/\/www.toscaltd.com\/fr\/food-safety-and-quality-assurance\/","url":"https:\/\/www.toscaltd.com\/fr\/food-safety-and-quality-assurance\/","name":"S\u00e9curit\u00e9 alimentaire et qualit\u00e9 | Tosca","isPartOf":{"@id":"https:\/\/www.toscaltd.com\/fr\/#website"},"datePublished":"2024-10-23T00:09:10+00:00","dateModified":"2025-04-28T13:30:02+00:00","description":"Les solutions de nettoyage de Tosca assurent une propret\u00e9 irr\u00e9prochable, garantissent la s\u00e9curit\u00e9 et la qualit\u00e9 des aliments et maintiennent les normes d'hygi\u00e8ne les plus strictes tout au long de votre cha\u00eene d'approvisionnement.","breadcrumb":{"@id":"https:\/\/www.toscaltd.com\/fr\/food-safety-and-quality-assurance\/#breadcrumb"},"inLanguage":"fr-FR","potentialAction":[{"@type":"ReadAction","target":["https:\/\/www.toscaltd.com\/fr\/food-safety-and-quality-assurance\/"]}]},{"@type":"BreadcrumbList","@id":"https:\/\/www.toscaltd.com\/fr\/food-safety-and-quality-assurance\/#breadcrumb","itemListElement":[{"@type":"ListItem","position":1,"name":"Home","item":"https:\/\/www.toscaltd.com\/fr\/"},{"@type":"ListItem","position":2,"name":"Wash and food Safety"}]},{"@type":"WebSite","@id":"https:\/\/www.toscaltd.com\/fr\/#website","url":"https:\/\/www.toscaltd.com\/fr\/","name":"Tosca FR","description":"RPCs, Reusable Plastic Containers, Perishable Shipping Solutions | Reduce Shrink. Drive Supply Chain Efficiency.","potentialAction":[{"@type":"SearchAction","target":{"@type":"EntryPoint","urlTemplate":"https:\/\/www.toscaltd.com\/fr\/?s={search_term_string}"},"query-input":{"@type":"PropertyValueSpecification","valueRequired":true,"valueName":"search_term_string"}}],"inLanguage":"fr-FR"}]}},"_links":{"self":[{"href":"https:\/\/www.toscaltd.com\/fr\/wp-json\/wp\/v2\/pages\/3717","targetHints":{"allow":["GET"]}}],"collection":[{"href":"https:\/\/www.toscaltd.com\/fr\/wp-json\/wp\/v2\/pages"}],"about":[{"href":"https:\/\/www.toscaltd.com\/fr\/wp-json\/wp\/v2\/types\/page"}],"author":[{"embeddable":true,"href":"https:\/\/www.toscaltd.com\/fr\/wp-json\/wp\/v2\/users\/20"}],"replies":[{"embeddable":true,"href":"https:\/\/www.toscaltd.com\/fr\/wp-json\/wp\/v2\/comments?post=3717"}],"version-history":[{"count":0,"href":"https:\/\/www.toscaltd.com\/fr\/wp-json\/wp\/v2\/pages\/3717\/revisions"}],"wp:attachment":[{"href":"https:\/\/www.toscaltd.com\/fr\/wp-json\/wp\/v2\/media?parent=3717"}],"curies":[{"name":"wp","href":"https:\/\/api.w.org\/{rel}","templated":true}]}}