{"id":3846,"date":"2024-10-24T11:52:37","date_gmt":"2024-10-24T11:52:37","guid":{"rendered":"https:\/\/www.toscaltd.com\/uk\/?page_id=3846"},"modified":"2025-04-28T12:17:42","modified_gmt":"2025-04-28T12:17:42","slug":"product-rd","status":"publish","type":"page","link":"https:\/\/www.toscaltd.com\/fr\/product-rd\/","title":{"rendered":"Product R&amp;D"},"content":{"rendered":"","protected":false},"excerpt":{"rendered":"","protected":false},"author":2,"featured_media":0,"parent":0,"menu_order":0,"comment_status":"closed","ping_status":"closed","template":"templates\/flexible-sections.php","meta":{"_acf_changed":true,"footnotes":""},"class_list":["post-3846","page","type-page","status-publish","hentry"],"acf":[],"yoast_head":"<!-- This site is optimized with the Yoast SEO plugin v27.4 - https:\/\/yoast.com\/product\/yoast-seo-wordpress\/ -->\n<title>Emballages r\u00e9utilisables personnalis\u00e9s, conteneurs, palettes | Tosca<\/title>\n<meta name=\"description\" content=\"Les solutions d&#039;emballage personnalis\u00e9es de Tosca offrent des emballages r\u00e9utilisables sur mesure, des caisses en plastique adapt\u00e9es et des solutions de cha\u00eene d&#039;approvisionnement personnalis\u00e9es pour r\u00e9pondre \u00e0 vos besoins uniques.\" \/>\n<meta name=\"robots\" content=\"index, follow, max-snippet:-1, max-image-preview:large, max-video-preview:-1\" \/>\n<link rel=\"canonical\" href=\"https:\/\/www.toscaltd.com\/fr\/product-rd\/\" \/>\n<meta property=\"og:locale\" content=\"fr_FR\" \/>\n<meta property=\"og:type\" content=\"article\" \/>\n<meta property=\"og:title\" content=\"Emballages r\u00e9utilisables personnalis\u00e9s, conteneurs, palettes | Tosca\" \/>\n<meta property=\"og:description\" content=\"Les solutions d&#039;emballage personnalis\u00e9es de Tosca offrent des emballages r\u00e9utilisables sur mesure, des caisses en plastique adapt\u00e9es et des solutions de cha\u00eene d&#039;approvisionnement personnalis\u00e9es pour r\u00e9pondre \u00e0 vos besoins uniques.\" \/>\n<meta property=\"og:url\" content=\"https:\/\/www.toscaltd.com\/fr\/product-rd\/\" \/>\n<meta property=\"og:site_name\" content=\"Tosca FR\" \/>\n<meta property=\"article:modified_time\" content=\"2025-04-28T12:17:42+00:00\" \/>\n<meta name=\"twitter:card\" content=\"summary_large_image\" \/>\n<script type=\"application\/ld+json\" class=\"yoast-schema-graph\">{\"@context\":\"https:\\\/\\\/schema.org\",\"@graph\":[{\"@type\":\"WebPage\",\"@id\":\"https:\\\/\\\/www.toscaltd.com\\\/fr\\\/product-rd\\\/\",\"url\":\"https:\\\/\\\/www.toscaltd.com\\\/fr\\\/product-rd\\\/\",\"name\":\"Emballages r\u00e9utilisables personnalis\u00e9s, conteneurs, palettes | Tosca\",\"isPartOf\":{\"@id\":\"https:\\\/\\\/www.toscaltd.com\\\/fr\\\/#website\"},\"datePublished\":\"2024-10-24T11:52:37+00:00\",\"dateModified\":\"2025-04-28T12:17:42+00:00\",\"description\":\"Les solutions d'emballage personnalis\u00e9es de Tosca offrent des emballages r\u00e9utilisables sur mesure, des caisses en plastique adapt\u00e9es et des solutions de cha\u00eene d'approvisionnement personnalis\u00e9es pour r\u00e9pondre \u00e0 vos besoins uniques.\",\"breadcrumb\":{\"@id\":\"https:\\\/\\\/www.toscaltd.com\\\/fr\\\/product-rd\\\/#breadcrumb\"},\"inLanguage\":\"fr-FR\",\"potentialAction\":[{\"@type\":\"ReadAction\",\"target\":[\"https:\\\/\\\/www.toscaltd.com\\\/fr\\\/product-rd\\\/\"]}]},{\"@type\":\"BreadcrumbList\",\"@id\":\"https:\\\/\\\/www.toscaltd.com\\\/fr\\\/product-rd\\\/#breadcrumb\",\"itemListElement\":[{\"@type\":\"ListItem\",\"position\":1,\"name\":\"Home\",\"item\":\"https:\\\/\\\/www.toscaltd.com\\\/fr\\\/\"},{\"@type\":\"ListItem\",\"position\":2,\"name\":\"Product R&amp;D\"}]},{\"@type\":\"WebSite\",\"@id\":\"https:\\\/\\\/www.toscaltd.com\\\/fr\\\/#website\",\"url\":\"https:\\\/\\\/www.toscaltd.com\\\/fr\\\/\",\"name\":\"Tosca FR\",\"description\":\"RPCs, Reusable Plastic Containers, Perishable Shipping Solutions | Reduce Shrink. Drive Supply Chain Efficiency.\",\"potentialAction\":[{\"@type\":\"SearchAction\",\"target\":{\"@type\":\"EntryPoint\",\"urlTemplate\":\"https:\\\/\\\/www.toscaltd.com\\\/fr\\\/?s={search_term_string}\"},\"query-input\":{\"@type\":\"PropertyValueSpecification\",\"valueRequired\":true,\"valueName\":\"search_term_string\"}}],\"inLanguage\":\"fr-FR\"}]}<\/script>\n<!-- \/ Yoast SEO plugin. -->","yoast_head_json":{"title":"Emballages r\u00e9utilisables personnalis\u00e9s, conteneurs, palettes | Tosca","description":"Les solutions d'emballage personnalis\u00e9es de Tosca offrent des emballages r\u00e9utilisables sur mesure, des caisses en plastique adapt\u00e9es et des solutions de cha\u00eene d'approvisionnement personnalis\u00e9es pour r\u00e9pondre \u00e0 vos besoins uniques.","robots":{"index":"index","follow":"follow","max-snippet":"max-snippet:-1","max-image-preview":"max-image-preview:large","max-video-preview":"max-video-preview:-1"},"canonical":"https:\/\/www.toscaltd.com\/fr\/product-rd\/","og_locale":"fr_FR","og_type":"article","og_title":"Emballages r\u00e9utilisables personnalis\u00e9s, conteneurs, palettes | Tosca","og_description":"Les solutions d'emballage personnalis\u00e9es de Tosca offrent des emballages r\u00e9utilisables sur mesure, des caisses en plastique adapt\u00e9es et des solutions de cha\u00eene d'approvisionnement personnalis\u00e9es pour r\u00e9pondre \u00e0 vos besoins uniques.","og_url":"https:\/\/www.toscaltd.com\/fr\/product-rd\/","og_site_name":"Tosca FR","article_modified_time":"2025-04-28T12:17:42+00:00","twitter_card":"summary_large_image","schema":{"@context":"https:\/\/schema.org","@graph":[{"@type":"WebPage","@id":"https:\/\/www.toscaltd.com\/fr\/product-rd\/","url":"https:\/\/www.toscaltd.com\/fr\/product-rd\/","name":"Emballages r\u00e9utilisables personnalis\u00e9s, conteneurs, palettes | Tosca","isPartOf":{"@id":"https:\/\/www.toscaltd.com\/fr\/#website"},"datePublished":"2024-10-24T11:52:37+00:00","dateModified":"2025-04-28T12:17:42+00:00","description":"Les solutions d'emballage personnalis\u00e9es de Tosca offrent des emballages r\u00e9utilisables sur mesure, des caisses en plastique adapt\u00e9es et des solutions de cha\u00eene d'approvisionnement personnalis\u00e9es pour r\u00e9pondre \u00e0 vos besoins uniques.","breadcrumb":{"@id":"https:\/\/www.toscaltd.com\/fr\/product-rd\/#breadcrumb"},"inLanguage":"fr-FR","potentialAction":[{"@type":"ReadAction","target":["https:\/\/www.toscaltd.com\/fr\/product-rd\/"]}]},{"@type":"BreadcrumbList","@id":"https:\/\/www.toscaltd.com\/fr\/product-rd\/#breadcrumb","itemListElement":[{"@type":"ListItem","position":1,"name":"Home","item":"https:\/\/www.toscaltd.com\/fr\/"},{"@type":"ListItem","position":2,"name":"Product R&amp;D"}]},{"@type":"WebSite","@id":"https:\/\/www.toscaltd.com\/fr\/#website","url":"https:\/\/www.toscaltd.com\/fr\/","name":"Tosca FR","description":"RPCs, Reusable Plastic Containers, Perishable Shipping Solutions | Reduce Shrink. Drive Supply Chain Efficiency.","potentialAction":[{"@type":"SearchAction","target":{"@type":"EntryPoint","urlTemplate":"https:\/\/www.toscaltd.com\/fr\/?s={search_term_string}"},"query-input":{"@type":"PropertyValueSpecification","valueRequired":true,"valueName":"search_term_string"}}],"inLanguage":"fr-FR"}]}},"_links":{"self":[{"href":"https:\/\/www.toscaltd.com\/fr\/wp-json\/wp\/v2\/pages\/3846","targetHints":{"allow":["GET"]}}],"collection":[{"href":"https:\/\/www.toscaltd.com\/fr\/wp-json\/wp\/v2\/pages"}],"about":[{"href":"https:\/\/www.toscaltd.com\/fr\/wp-json\/wp\/v2\/types\/page"}],"author":[{"embeddable":true,"href":"https:\/\/www.toscaltd.com\/fr\/wp-json\/wp\/v2\/users\/2"}],"replies":[{"embeddable":true,"href":"https:\/\/www.toscaltd.com\/fr\/wp-json\/wp\/v2\/comments?post=3846"}],"version-history":[{"count":0,"href":"https:\/\/www.toscaltd.com\/fr\/wp-json\/wp\/v2\/pages\/3846\/revisions"}],"wp:attachment":[{"href":"https:\/\/www.toscaltd.com\/fr\/wp-json\/wp\/v2\/media?parent=3846"}],"curies":[{"name":"wp","href":"https:\/\/api.w.org\/{rel}","templated":true}]}}