{"id":5725,"date":"2024-12-03T12:43:01","date_gmt":"2024-12-03T12:43:01","guid":{"rendered":"https:\/\/www.toscaltd.com\/uk\/?page_id=5725"},"modified":"2025-04-28T09:52:12","modified_gmt":"2025-04-28T09:52:12","slug":"life-cycle-assessment-environmental-impact","status":"publish","type":"page","link":"https:\/\/www.toscaltd.com\/fr\/life-cycle-assessment-environmental-impact\/","title":{"rendered":"Life Cycle Assessment (LCA)"},"content":{"rendered":"","protected":false},"excerpt":{"rendered":"","protected":false},"author":20,"featured_media":0,"parent":0,"menu_order":0,"comment_status":"closed","ping_status":"closed","template":"templates\/flexible-sections.php","meta":{"_acf_changed":true,"footnotes":""},"class_list":["post-5725","page","type-page","status-publish","hentry"],"acf":[],"yoast_head":"<!-- This site is optimized with the Yoast SEO plugin v27.4 - https:\/\/yoast.com\/product\/yoast-seo-wordpress\/ -->\n<title>Analyse du cycle de vie pour l&#039;impact environnemental des entreprises<\/title>\n<meta name=\"description\" content=\"D\u00e9couvrez comment Tosca soutient ses revendications en mati\u00e8re de d\u00e9veloppement durable gr\u00e2ce \u00e0 notre outil d&#039;analyse du cycle de vie. Comprenez l&#039;impact environnemental des options d&#039;emballage et prenez des d\u00e9cisions \u00e9clair\u00e9es.\" \/>\n<meta name=\"robots\" content=\"index, follow, max-snippet:-1, max-image-preview:large, max-video-preview:-1\" \/>\n<link rel=\"canonical\" href=\"https:\/\/www.toscaltd.com\/fr\/life-cycle-assessment-environmental-impact\/\" \/>\n<meta property=\"og:locale\" content=\"fr_FR\" \/>\n<meta property=\"og:type\" content=\"article\" \/>\n<meta property=\"og:title\" content=\"Analyse du cycle de vie pour l&#039;impact environnemental des entreprises\" \/>\n<meta property=\"og:description\" content=\"D\u00e9couvrez comment Tosca soutient ses revendications en mati\u00e8re de d\u00e9veloppement durable gr\u00e2ce \u00e0 notre outil d&#039;analyse du cycle de vie. Comprenez l&#039;impact environnemental des options d&#039;emballage et prenez des d\u00e9cisions \u00e9clair\u00e9es.\" \/>\n<meta property=\"og:url\" content=\"https:\/\/www.toscaltd.com\/fr\/life-cycle-assessment-environmental-impact\/\" \/>\n<meta property=\"og:site_name\" content=\"Tosca FR\" \/>\n<meta property=\"article:modified_time\" content=\"2025-04-28T09:52:12+00:00\" \/>\n<meta name=\"twitter:card\" content=\"summary_large_image\" \/>\n<script type=\"application\/ld+json\" class=\"yoast-schema-graph\">{\"@context\":\"https:\\\/\\\/schema.org\",\"@graph\":[{\"@type\":\"WebPage\",\"@id\":\"https:\\\/\\\/www.toscaltd.com\\\/fr\\\/life-cycle-assessment-environmental-impact\\\/\",\"url\":\"https:\\\/\\\/www.toscaltd.com\\\/fr\\\/life-cycle-assessment-environmental-impact\\\/\",\"name\":\"Analyse du cycle de vie pour l'impact environnemental des entreprises\",\"isPartOf\":{\"@id\":\"https:\\\/\\\/www.toscaltd.com\\\/fr\\\/#website\"},\"datePublished\":\"2024-12-03T12:43:01+00:00\",\"dateModified\":\"2025-04-28T09:52:12+00:00\",\"description\":\"D\u00e9couvrez comment Tosca soutient ses revendications en mati\u00e8re de d\u00e9veloppement durable gr\u00e2ce \u00e0 notre outil d'analyse du cycle de vie. Comprenez l'impact environnemental des options d'emballage et prenez des d\u00e9cisions \u00e9clair\u00e9es.\",\"breadcrumb\":{\"@id\":\"https:\\\/\\\/www.toscaltd.com\\\/fr\\\/life-cycle-assessment-environmental-impact\\\/#breadcrumb\"},\"inLanguage\":\"fr-FR\",\"potentialAction\":[{\"@type\":\"ReadAction\",\"target\":[\"https:\\\/\\\/www.toscaltd.com\\\/fr\\\/life-cycle-assessment-environmental-impact\\\/\"]}]},{\"@type\":\"BreadcrumbList\",\"@id\":\"https:\\\/\\\/www.toscaltd.com\\\/fr\\\/life-cycle-assessment-environmental-impact\\\/#breadcrumb\",\"itemListElement\":[{\"@type\":\"ListItem\",\"position\":1,\"name\":\"Home\",\"item\":\"https:\\\/\\\/www.toscaltd.com\\\/fr\\\/\"},{\"@type\":\"ListItem\",\"position\":2,\"name\":\"Life Cycle Assessment (LCA)\"}]},{\"@type\":\"WebSite\",\"@id\":\"https:\\\/\\\/www.toscaltd.com\\\/fr\\\/#website\",\"url\":\"https:\\\/\\\/www.toscaltd.com\\\/fr\\\/\",\"name\":\"Tosca FR\",\"description\":\"RPCs, Reusable Plastic Containers, Perishable Shipping Solutions | Reduce Shrink. Drive Supply Chain Efficiency.\",\"potentialAction\":[{\"@type\":\"SearchAction\",\"target\":{\"@type\":\"EntryPoint\",\"urlTemplate\":\"https:\\\/\\\/www.toscaltd.com\\\/fr\\\/?s={search_term_string}\"},\"query-input\":{\"@type\":\"PropertyValueSpecification\",\"valueRequired\":true,\"valueName\":\"search_term_string\"}}],\"inLanguage\":\"fr-FR\"}]}<\/script>\n<!-- \/ Yoast SEO plugin. -->","yoast_head_json":{"title":"Analyse du cycle de vie pour l'impact environnemental des entreprises","description":"D\u00e9couvrez comment Tosca soutient ses revendications en mati\u00e8re de d\u00e9veloppement durable gr\u00e2ce \u00e0 notre outil d'analyse du cycle de vie. Comprenez l'impact environnemental des options d'emballage et prenez des d\u00e9cisions \u00e9clair\u00e9es.","robots":{"index":"index","follow":"follow","max-snippet":"max-snippet:-1","max-image-preview":"max-image-preview:large","max-video-preview":"max-video-preview:-1"},"canonical":"https:\/\/www.toscaltd.com\/fr\/life-cycle-assessment-environmental-impact\/","og_locale":"fr_FR","og_type":"article","og_title":"Analyse du cycle de vie pour l'impact environnemental des entreprises","og_description":"D\u00e9couvrez comment Tosca soutient ses revendications en mati\u00e8re de d\u00e9veloppement durable gr\u00e2ce \u00e0 notre outil d'analyse du cycle de vie. Comprenez l'impact environnemental des options d'emballage et prenez des d\u00e9cisions \u00e9clair\u00e9es.","og_url":"https:\/\/www.toscaltd.com\/fr\/life-cycle-assessment-environmental-impact\/","og_site_name":"Tosca FR","article_modified_time":"2025-04-28T09:52:12+00:00","twitter_card":"summary_large_image","schema":{"@context":"https:\/\/schema.org","@graph":[{"@type":"WebPage","@id":"https:\/\/www.toscaltd.com\/fr\/life-cycle-assessment-environmental-impact\/","url":"https:\/\/www.toscaltd.com\/fr\/life-cycle-assessment-environmental-impact\/","name":"Analyse du cycle de vie pour l'impact environnemental des entreprises","isPartOf":{"@id":"https:\/\/www.toscaltd.com\/fr\/#website"},"datePublished":"2024-12-03T12:43:01+00:00","dateModified":"2025-04-28T09:52:12+00:00","description":"D\u00e9couvrez comment Tosca soutient ses revendications en mati\u00e8re de d\u00e9veloppement durable gr\u00e2ce \u00e0 notre outil d'analyse du cycle de vie. Comprenez l'impact environnemental des options d'emballage et prenez des d\u00e9cisions \u00e9clair\u00e9es.","breadcrumb":{"@id":"https:\/\/www.toscaltd.com\/fr\/life-cycle-assessment-environmental-impact\/#breadcrumb"},"inLanguage":"fr-FR","potentialAction":[{"@type":"ReadAction","target":["https:\/\/www.toscaltd.com\/fr\/life-cycle-assessment-environmental-impact\/"]}]},{"@type":"BreadcrumbList","@id":"https:\/\/www.toscaltd.com\/fr\/life-cycle-assessment-environmental-impact\/#breadcrumb","itemListElement":[{"@type":"ListItem","position":1,"name":"Home","item":"https:\/\/www.toscaltd.com\/fr\/"},{"@type":"ListItem","position":2,"name":"Life Cycle Assessment (LCA)"}]},{"@type":"WebSite","@id":"https:\/\/www.toscaltd.com\/fr\/#website","url":"https:\/\/www.toscaltd.com\/fr\/","name":"Tosca FR","description":"RPCs, Reusable Plastic Containers, Perishable Shipping Solutions | Reduce Shrink. Drive Supply Chain Efficiency.","potentialAction":[{"@type":"SearchAction","target":{"@type":"EntryPoint","urlTemplate":"https:\/\/www.toscaltd.com\/fr\/?s={search_term_string}"},"query-input":{"@type":"PropertyValueSpecification","valueRequired":true,"valueName":"search_term_string"}}],"inLanguage":"fr-FR"}]}},"_links":{"self":[{"href":"https:\/\/www.toscaltd.com\/fr\/wp-json\/wp\/v2\/pages\/5725","targetHints":{"allow":["GET"]}}],"collection":[{"href":"https:\/\/www.toscaltd.com\/fr\/wp-json\/wp\/v2\/pages"}],"about":[{"href":"https:\/\/www.toscaltd.com\/fr\/wp-json\/wp\/v2\/types\/page"}],"author":[{"embeddable":true,"href":"https:\/\/www.toscaltd.com\/fr\/wp-json\/wp\/v2\/users\/20"}],"replies":[{"embeddable":true,"href":"https:\/\/www.toscaltd.com\/fr\/wp-json\/wp\/v2\/comments?post=5725"}],"version-history":[{"count":0,"href":"https:\/\/www.toscaltd.com\/fr\/wp-json\/wp\/v2\/pages\/5725\/revisions"}],"wp:attachment":[{"href":"https:\/\/www.toscaltd.com\/fr\/wp-json\/wp\/v2\/media?parent=5725"}],"curies":[{"name":"wp","href":"https:\/\/api.w.org\/{rel}","templated":true}]}}