{"id":6970,"date":"2025-01-26T18:33:32","date_gmt":"2025-01-26T18:33:32","guid":{"rendered":"https:\/\/www.toscaltd.com\/uk\/?page_id=6970"},"modified":"2025-06-25T11:23:15","modified_gmt":"2025-06-25T11:23:15","slug":"innovation-centre","status":"publish","type":"page","link":"https:\/\/www.toscaltd.com\/fr\/innovation-centre\/","title":{"rendered":"Innovation Centre"},"content":{"rendered":"","protected":false},"excerpt":{"rendered":"","protected":false},"author":20,"featured_media":0,"parent":0,"menu_order":0,"comment_status":"closed","ping_status":"closed","template":"templates\/flexible-sections.php","meta":{"_acf_changed":true,"footnotes":""},"class_list":["post-6970","page","type-page","status-publish","hentry"],"acf":[],"yoast_head":"<!-- This site is optimized with the Yoast SEO plugin v27.3 - https:\/\/yoast.com\/product\/yoast-seo-wordpress\/ -->\n<title>Innovation | Tosca<\/title>\n<meta name=\"description\" content=\"Les solutions d&#039;emballage r\u00e9utilisables de Tosca am\u00e9liorent l&#039;efficacit\u00e9 de la cha\u00eene d&#039;approvisionnement et r\u00e9duisent les co\u00fbts. Gr\u00e2ce \u00e0 notre expertise interne en mati\u00e8re de R&amp;D, nous fournissons des solutions sur mesure pour r\u00e9pondre \u00e0 vos besoins.\" \/>\n<meta name=\"robots\" content=\"index, follow, max-snippet:-1, max-image-preview:large, max-video-preview:-1\" \/>\n<link rel=\"canonical\" href=\"https:\/\/www.toscaltd.com\/fr\/innovation-centre\/\" \/>\n<meta property=\"og:locale\" content=\"fr_FR\" \/>\n<meta property=\"og:type\" content=\"article\" \/>\n<meta property=\"og:title\" content=\"Innovation | Tosca\" \/>\n<meta property=\"og:description\" content=\"Les solutions d&#039;emballage r\u00e9utilisables de Tosca am\u00e9liorent l&#039;efficacit\u00e9 de la cha\u00eene d&#039;approvisionnement et r\u00e9duisent les co\u00fbts. Gr\u00e2ce \u00e0 notre expertise interne en mati\u00e8re de R&amp;D, nous fournissons des solutions sur mesure pour r\u00e9pondre \u00e0 vos besoins.\" \/>\n<meta property=\"og:url\" content=\"https:\/\/www.toscaltd.com\/fr\/innovation-centre\/\" \/>\n<meta property=\"og:site_name\" content=\"Tosca FR\" \/>\n<meta property=\"article:modified_time\" content=\"2025-06-25T11:23:15+00:00\" \/>\n<meta name=\"twitter:card\" content=\"summary_large_image\" \/>\n<script type=\"application\/ld+json\" class=\"yoast-schema-graph\">{\"@context\":\"https:\\\/\\\/schema.org\",\"@graph\":[{\"@type\":\"WebPage\",\"@id\":\"https:\\\/\\\/www.toscaltd.com\\\/fr\\\/innovation-centre\\\/\",\"url\":\"https:\\\/\\\/www.toscaltd.com\\\/fr\\\/innovation-centre\\\/\",\"name\":\"Innovation | Tosca\",\"isPartOf\":{\"@id\":\"https:\\\/\\\/www.toscaltd.com\\\/fr\\\/#website\"},\"datePublished\":\"2025-01-26T18:33:32+00:00\",\"dateModified\":\"2025-06-25T11:23:15+00:00\",\"description\":\"Les solutions d'emballage r\u00e9utilisables de Tosca am\u00e9liorent l'efficacit\u00e9 de la cha\u00eene d'approvisionnement et r\u00e9duisent les co\u00fbts. Gr\u00e2ce \u00e0 notre expertise interne en mati\u00e8re de R&D, nous fournissons des solutions sur mesure pour r\u00e9pondre \u00e0 vos besoins.\",\"breadcrumb\":{\"@id\":\"https:\\\/\\\/www.toscaltd.com\\\/fr\\\/innovation-centre\\\/#breadcrumb\"},\"inLanguage\":\"fr-FR\",\"potentialAction\":[{\"@type\":\"ReadAction\",\"target\":[\"https:\\\/\\\/www.toscaltd.com\\\/fr\\\/innovation-centre\\\/\"]}]},{\"@type\":\"BreadcrumbList\",\"@id\":\"https:\\\/\\\/www.toscaltd.com\\\/fr\\\/innovation-centre\\\/#breadcrumb\",\"itemListElement\":[{\"@type\":\"ListItem\",\"position\":1,\"name\":\"Home\",\"item\":\"https:\\\/\\\/www.toscaltd.com\\\/fr\\\/\"},{\"@type\":\"ListItem\",\"position\":2,\"name\":\"Innovation Centre\"}]},{\"@type\":\"WebSite\",\"@id\":\"https:\\\/\\\/www.toscaltd.com\\\/fr\\\/#website\",\"url\":\"https:\\\/\\\/www.toscaltd.com\\\/fr\\\/\",\"name\":\"Tosca FR\",\"description\":\"RPCs, Reusable Plastic Containers, Perishable Shipping Solutions | Reduce Shrink. Drive Supply Chain Efficiency.\",\"potentialAction\":[{\"@type\":\"SearchAction\",\"target\":{\"@type\":\"EntryPoint\",\"urlTemplate\":\"https:\\\/\\\/www.toscaltd.com\\\/fr\\\/?s={search_term_string}\"},\"query-input\":{\"@type\":\"PropertyValueSpecification\",\"valueRequired\":true,\"valueName\":\"search_term_string\"}}],\"inLanguage\":\"fr-FR\"}]}<\/script>\n<!-- \/ Yoast SEO plugin. -->","yoast_head_json":{"title":"Innovation | Tosca","description":"Les solutions d'emballage r\u00e9utilisables de Tosca am\u00e9liorent l'efficacit\u00e9 de la cha\u00eene d'approvisionnement et r\u00e9duisent les co\u00fbts. Gr\u00e2ce \u00e0 notre expertise interne en mati\u00e8re de R&D, nous fournissons des solutions sur mesure pour r\u00e9pondre \u00e0 vos besoins.","robots":{"index":"index","follow":"follow","max-snippet":"max-snippet:-1","max-image-preview":"max-image-preview:large","max-video-preview":"max-video-preview:-1"},"canonical":"https:\/\/www.toscaltd.com\/fr\/innovation-centre\/","og_locale":"fr_FR","og_type":"article","og_title":"Innovation | Tosca","og_description":"Les solutions d'emballage r\u00e9utilisables de Tosca am\u00e9liorent l'efficacit\u00e9 de la cha\u00eene d'approvisionnement et r\u00e9duisent les co\u00fbts. Gr\u00e2ce \u00e0 notre expertise interne en mati\u00e8re de R&D, nous fournissons des solutions sur mesure pour r\u00e9pondre \u00e0 vos besoins.","og_url":"https:\/\/www.toscaltd.com\/fr\/innovation-centre\/","og_site_name":"Tosca FR","article_modified_time":"2025-06-25T11:23:15+00:00","twitter_card":"summary_large_image","schema":{"@context":"https:\/\/schema.org","@graph":[{"@type":"WebPage","@id":"https:\/\/www.toscaltd.com\/fr\/innovation-centre\/","url":"https:\/\/www.toscaltd.com\/fr\/innovation-centre\/","name":"Innovation | Tosca","isPartOf":{"@id":"https:\/\/www.toscaltd.com\/fr\/#website"},"datePublished":"2025-01-26T18:33:32+00:00","dateModified":"2025-06-25T11:23:15+00:00","description":"Les solutions d'emballage r\u00e9utilisables de Tosca am\u00e9liorent l'efficacit\u00e9 de la cha\u00eene d'approvisionnement et r\u00e9duisent les co\u00fbts. Gr\u00e2ce \u00e0 notre expertise interne en mati\u00e8re de R&D, nous fournissons des solutions sur mesure pour r\u00e9pondre \u00e0 vos besoins.","breadcrumb":{"@id":"https:\/\/www.toscaltd.com\/fr\/innovation-centre\/#breadcrumb"},"inLanguage":"fr-FR","potentialAction":[{"@type":"ReadAction","target":["https:\/\/www.toscaltd.com\/fr\/innovation-centre\/"]}]},{"@type":"BreadcrumbList","@id":"https:\/\/www.toscaltd.com\/fr\/innovation-centre\/#breadcrumb","itemListElement":[{"@type":"ListItem","position":1,"name":"Home","item":"https:\/\/www.toscaltd.com\/fr\/"},{"@type":"ListItem","position":2,"name":"Innovation Centre"}]},{"@type":"WebSite","@id":"https:\/\/www.toscaltd.com\/fr\/#website","url":"https:\/\/www.toscaltd.com\/fr\/","name":"Tosca FR","description":"RPCs, Reusable Plastic Containers, Perishable Shipping Solutions | Reduce Shrink. Drive Supply Chain Efficiency.","potentialAction":[{"@type":"SearchAction","target":{"@type":"EntryPoint","urlTemplate":"https:\/\/www.toscaltd.com\/fr\/?s={search_term_string}"},"query-input":{"@type":"PropertyValueSpecification","valueRequired":true,"valueName":"search_term_string"}}],"inLanguage":"fr-FR"}]}},"_links":{"self":[{"href":"https:\/\/www.toscaltd.com\/fr\/wp-json\/wp\/v2\/pages\/6970","targetHints":{"allow":["GET"]}}],"collection":[{"href":"https:\/\/www.toscaltd.com\/fr\/wp-json\/wp\/v2\/pages"}],"about":[{"href":"https:\/\/www.toscaltd.com\/fr\/wp-json\/wp\/v2\/types\/page"}],"author":[{"embeddable":true,"href":"https:\/\/www.toscaltd.com\/fr\/wp-json\/wp\/v2\/users\/20"}],"replies":[{"embeddable":true,"href":"https:\/\/www.toscaltd.com\/fr\/wp-json\/wp\/v2\/comments?post=6970"}],"version-history":[{"count":0,"href":"https:\/\/www.toscaltd.com\/fr\/wp-json\/wp\/v2\/pages\/6970\/revisions"}],"wp:attachment":[{"href":"https:\/\/www.toscaltd.com\/fr\/wp-json\/wp\/v2\/media?parent=6970"}],"curies":[{"name":"wp","href":"https:\/\/api.w.org\/{rel}","templated":true}]}}