{"id":2721,"date":"2024-08-13T12:11:07","date_gmt":"2024-08-13T12:11:07","guid":{"rendered":"https:\/\/www.toscaltd.com\/uk\/?page_id=2721"},"modified":"2025-07-08T13:33:44","modified_gmt":"2025-07-08T13:33:44","slug":"why-tosca","status":"publish","type":"page","link":"https:\/\/www.toscaltd.com\/tr\/why-tosca\/","title":{"rendered":"Why Tosca"},"content":{"rendered":"","protected":false},"excerpt":{"rendered":"","protected":false},"author":2,"featured_media":0,"parent":0,"menu_order":0,"comment_status":"closed","ping_status":"closed","template":"templates\/flexible-sections.php","meta":{"_acf_changed":true,"footnotes":""},"class_list":["post-2721","page","type-page","status-publish","hentry"],"acf":[],"yoast_head":"<!-- This site is optimized with the Yoast SEO plugin v27.5 - https:\/\/yoast.com\/product\/yoast-seo-wordpress\/ -->\n<title>Tosca&#039;n\u0131n \u00c7\u00f6z\u00fcmlerini Farkl\u0131 K\u0131lan Nedir | Tosca<\/title>\n<meta name=\"description\" content=\"60 y\u0131l\u0131 a\u015fk\u0131n uzmanl\u0131\u011f\u0131yla Tosca, i\u015f ortaklar\u0131 i\u00e7in s\u00fcrd\u00fcr\u00fclebilirli\u011fi, tasarrufu ve tedarik zinciri optimizasyonunu art\u0131ran yeniden kullan\u0131labilir ambalaj \u00e7\u00f6z\u00fcmleri sunar.\" \/>\n<meta name=\"robots\" content=\"index, follow, max-snippet:-1, max-image-preview:large, max-video-preview:-1\" \/>\n<link rel=\"canonical\" href=\"https:\/\/www.toscaltd.com\/tr\/why-tosca\/\" \/>\n<meta property=\"og:locale\" content=\"tr_TR\" \/>\n<meta property=\"og:type\" content=\"article\" \/>\n<meta property=\"og:title\" content=\"Tosca&#039;n\u0131n \u00c7\u00f6z\u00fcmlerini Farkl\u0131 K\u0131lan Nedir | Tosca\" \/>\n<meta property=\"og:description\" content=\"60 y\u0131l\u0131 a\u015fk\u0131n uzmanl\u0131\u011f\u0131yla Tosca, i\u015f ortaklar\u0131 i\u00e7in s\u00fcrd\u00fcr\u00fclebilirli\u011fi, tasarrufu ve tedarik zinciri optimizasyonunu art\u0131ran yeniden kullan\u0131labilir ambalaj \u00e7\u00f6z\u00fcmleri sunar.\" \/>\n<meta property=\"og:url\" content=\"https:\/\/www.toscaltd.com\/tr\/why-tosca\/\" \/>\n<meta property=\"og:site_name\" content=\"Tosca TR\" \/>\n<meta property=\"article:modified_time\" content=\"2025-07-08T13:33:44+00:00\" \/>\n<meta name=\"twitter:card\" content=\"summary_large_image\" \/>\n<script type=\"application\/ld+json\" class=\"yoast-schema-graph\">{\"@context\":\"https:\\\/\\\/schema.org\",\"@graph\":[{\"@type\":\"WebPage\",\"@id\":\"https:\\\/\\\/www.toscaltd.com\\\/tr\\\/why-tosca\\\/\",\"url\":\"https:\\\/\\\/www.toscaltd.com\\\/tr\\\/why-tosca\\\/\",\"name\":\"Tosca'n\u0131n \u00c7\u00f6z\u00fcmlerini Farkl\u0131 K\u0131lan Nedir | Tosca\",\"isPartOf\":{\"@id\":\"https:\\\/\\\/www.toscaltd.com\\\/tr\\\/#website\"},\"datePublished\":\"2024-08-13T12:11:07+00:00\",\"dateModified\":\"2025-07-08T13:33:44+00:00\",\"description\":\"60 y\u0131l\u0131 a\u015fk\u0131n uzmanl\u0131\u011f\u0131yla Tosca, i\u015f ortaklar\u0131 i\u00e7in s\u00fcrd\u00fcr\u00fclebilirli\u011fi, tasarrufu ve tedarik zinciri optimizasyonunu art\u0131ran yeniden kullan\u0131labilir ambalaj \u00e7\u00f6z\u00fcmleri sunar.\",\"breadcrumb\":{\"@id\":\"https:\\\/\\\/www.toscaltd.com\\\/tr\\\/why-tosca\\\/#breadcrumb\"},\"inLanguage\":\"tr\",\"potentialAction\":[{\"@type\":\"ReadAction\",\"target\":[\"https:\\\/\\\/www.toscaltd.com\\\/tr\\\/why-tosca\\\/\"]}]},{\"@type\":\"BreadcrumbList\",\"@id\":\"https:\\\/\\\/www.toscaltd.com\\\/tr\\\/why-tosca\\\/#breadcrumb\",\"itemListElement\":[{\"@type\":\"ListItem\",\"position\":1,\"name\":\"Home\",\"item\":\"https:\\\/\\\/www.toscaltd.com\\\/tr\\\/\"},{\"@type\":\"ListItem\",\"position\":2,\"name\":\"Why Tosca\"}]},{\"@type\":\"WebSite\",\"@id\":\"https:\\\/\\\/www.toscaltd.com\\\/tr\\\/#website\",\"url\":\"https:\\\/\\\/www.toscaltd.com\\\/tr\\\/\",\"name\":\"Tosca TR\",\"description\":\"RPCs, Reusable Plastic Containers, Perishable Shipping Solutions | Reduce Shrink. Drive Supply Chain Efficiency.\",\"potentialAction\":[{\"@type\":\"SearchAction\",\"target\":{\"@type\":\"EntryPoint\",\"urlTemplate\":\"https:\\\/\\\/www.toscaltd.com\\\/tr\\\/?s={search_term_string}\"},\"query-input\":{\"@type\":\"PropertyValueSpecification\",\"valueRequired\":true,\"valueName\":\"search_term_string\"}}],\"inLanguage\":\"tr\"}]}<\/script>\n<!-- \/ Yoast SEO plugin. -->","yoast_head_json":{"title":"Tosca'n\u0131n \u00c7\u00f6z\u00fcmlerini Farkl\u0131 K\u0131lan Nedir | Tosca","description":"60 y\u0131l\u0131 a\u015fk\u0131n uzmanl\u0131\u011f\u0131yla Tosca, i\u015f ortaklar\u0131 i\u00e7in s\u00fcrd\u00fcr\u00fclebilirli\u011fi, tasarrufu ve tedarik zinciri optimizasyonunu art\u0131ran yeniden kullan\u0131labilir ambalaj \u00e7\u00f6z\u00fcmleri sunar.","robots":{"index":"index","follow":"follow","max-snippet":"max-snippet:-1","max-image-preview":"max-image-preview:large","max-video-preview":"max-video-preview:-1"},"canonical":"https:\/\/www.toscaltd.com\/tr\/why-tosca\/","og_locale":"tr_TR","og_type":"article","og_title":"Tosca'n\u0131n \u00c7\u00f6z\u00fcmlerini Farkl\u0131 K\u0131lan Nedir | Tosca","og_description":"60 y\u0131l\u0131 a\u015fk\u0131n uzmanl\u0131\u011f\u0131yla Tosca, i\u015f ortaklar\u0131 i\u00e7in s\u00fcrd\u00fcr\u00fclebilirli\u011fi, tasarrufu ve tedarik zinciri optimizasyonunu art\u0131ran yeniden kullan\u0131labilir ambalaj \u00e7\u00f6z\u00fcmleri sunar.","og_url":"https:\/\/www.toscaltd.com\/tr\/why-tosca\/","og_site_name":"Tosca TR","article_modified_time":"2025-07-08T13:33:44+00:00","twitter_card":"summary_large_image","schema":{"@context":"https:\/\/schema.org","@graph":[{"@type":"WebPage","@id":"https:\/\/www.toscaltd.com\/tr\/why-tosca\/","url":"https:\/\/www.toscaltd.com\/tr\/why-tosca\/","name":"Tosca'n\u0131n \u00c7\u00f6z\u00fcmlerini Farkl\u0131 K\u0131lan Nedir | Tosca","isPartOf":{"@id":"https:\/\/www.toscaltd.com\/tr\/#website"},"datePublished":"2024-08-13T12:11:07+00:00","dateModified":"2025-07-08T13:33:44+00:00","description":"60 y\u0131l\u0131 a\u015fk\u0131n uzmanl\u0131\u011f\u0131yla Tosca, i\u015f ortaklar\u0131 i\u00e7in s\u00fcrd\u00fcr\u00fclebilirli\u011fi, tasarrufu ve tedarik zinciri optimizasyonunu art\u0131ran yeniden kullan\u0131labilir ambalaj \u00e7\u00f6z\u00fcmleri sunar.","breadcrumb":{"@id":"https:\/\/www.toscaltd.com\/tr\/why-tosca\/#breadcrumb"},"inLanguage":"tr","potentialAction":[{"@type":"ReadAction","target":["https:\/\/www.toscaltd.com\/tr\/why-tosca\/"]}]},{"@type":"BreadcrumbList","@id":"https:\/\/www.toscaltd.com\/tr\/why-tosca\/#breadcrumb","itemListElement":[{"@type":"ListItem","position":1,"name":"Home","item":"https:\/\/www.toscaltd.com\/tr\/"},{"@type":"ListItem","position":2,"name":"Why Tosca"}]},{"@type":"WebSite","@id":"https:\/\/www.toscaltd.com\/tr\/#website","url":"https:\/\/www.toscaltd.com\/tr\/","name":"Tosca TR","description":"RPCs, Reusable Plastic Containers, Perishable Shipping Solutions | Reduce Shrink. Drive Supply Chain Efficiency.","potentialAction":[{"@type":"SearchAction","target":{"@type":"EntryPoint","urlTemplate":"https:\/\/www.toscaltd.com\/tr\/?s={search_term_string}"},"query-input":{"@type":"PropertyValueSpecification","valueRequired":true,"valueName":"search_term_string"}}],"inLanguage":"tr"}]}},"_links":{"self":[{"href":"https:\/\/www.toscaltd.com\/tr\/wp-json\/wp\/v2\/pages\/2721","targetHints":{"allow":["GET"]}}],"collection":[{"href":"https:\/\/www.toscaltd.com\/tr\/wp-json\/wp\/v2\/pages"}],"about":[{"href":"https:\/\/www.toscaltd.com\/tr\/wp-json\/wp\/v2\/types\/page"}],"author":[{"embeddable":true,"href":"https:\/\/www.toscaltd.com\/tr\/wp-json\/wp\/v2\/users\/2"}],"replies":[{"embeddable":true,"href":"https:\/\/www.toscaltd.com\/tr\/wp-json\/wp\/v2\/comments?post=2721"}],"version-history":[{"count":0,"href":"https:\/\/www.toscaltd.com\/tr\/wp-json\/wp\/v2\/pages\/2721\/revisions"}],"wp:attachment":[{"href":"https:\/\/www.toscaltd.com\/tr\/wp-json\/wp\/v2\/media?parent=2721"}],"curies":[{"name":"wp","href":"https:\/\/api.w.org\/{rel}","templated":true}]}}